{"id":1312,"date":"2023-11-21T20:11:16","date_gmt":"2023-11-21T20:11:16","guid":{"rendered":"https:\/\/gpsgolden.cl\/?page_id=1312"},"modified":"2023-11-23T19:21:23","modified_gmt":"2023-11-23T19:21:23","slug":"cotizador","status":"publish","type":"page","link":"https:\/\/gpsgolden.cl\/index.php\/cotizador\/","title":{"rendered":"COTIZADOR"},"content":{"rendered":"\t\t<div data-elementor-type=\"wp-page\" data-elementor-id=\"1312\" class=\"elementor elementor-1312\" data-elementor-post-type=\"page\">\n\t\t\t\t<div class=\"elementor-element elementor-element-6c1b168 e-flex e-con-boxed e-con e-parent\" data-id=\"6c1b168\" data-element_type=\"container\" data-e-type=\"container\" data-settings=\"{&quot;background_background&quot;:&quot;classic&quot;}\">\n\t\t\t\t\t<div class=\"e-con-inner\">\n\t\t\t\t<div class=\"elementor-element elementor-element-3dd3681 elementor-widget elementor-widget-text-editor\" data-id=\"3dd3681\" data-element_type=\"widget\" data-e-type=\"widget\" data-widget_type=\"text-editor.default\">\n\t\t\t\t<div class=\"elementor-widget-container\">\n\t\t\t\t\t\t\t\t\t<h1>COTIZADOR<\/h1>\t\t\t\t\t\t\t\t<\/div>\n\t\t\t\t<\/div>\n\t\t\t\t\t<\/div>\n\t\t\t\t<\/div>\n\t\t<div class=\"elementor-element elementor-element-6cabc9f e-flex e-con-boxed e-con e-parent\" data-id=\"6cabc9f\" data-element_type=\"container\" data-e-type=\"container\">\n\t\t\t\t\t<div class=\"e-con-inner\">\n\t\t<div class=\"elementor-element elementor-element-4507dcb e-con-full e-flex e-con e-child\" data-id=\"4507dcb\" data-element_type=\"container\" data-e-type=\"container\">\n\t\t\t\t<div class=\"elementor-element elementor-element-a6a852c elementor-widget elementor-widget-text-editor\" data-id=\"a6a852c\" data-element_type=\"widget\" data-e-type=\"widget\" data-widget_type=\"text-editor.default\">\n\t\t\t\t<div class=\"elementor-widget-container\">\n\t\t\t\t\t\t\t\t\t<h1 style=\"text-align: left;\">Bienvenido a nuestro Cotizador<\/h1><h4>En GPS Golden, comprendemos que cada necesidad es \u00fanica. Para brindarte una soluci\u00f3n personalizada y adaptada a tus requerimientos, te invitamos a utilizar nuestro cotizador en l\u00ednea. Completar el formulario nos permitir\u00e1 entender tus necesidades espec\u00edficas, y nos pondremos en contacto contigo lo antes posible con una cotizaci\u00f3n detallada y un plan dise\u00f1ado a medida.<\/h4><h5>Al proporcionarnos esta informaci\u00f3n, nos est\u00e1s dando la oportunidad de entender mejor tus necesidades y asegurarnos de ofrecerte la soluci\u00f3n m\u00e1s adecuada. Nuestro equipo de expertos estar\u00e1 encantado de colaborar contigo para garantizar que obtengas el m\u00e1ximo beneficio de nuestros servicios de rastreo GPS.<\/h5>\t\t\t\t\t\t\t\t<\/div>\n\t\t\t\t<\/div>\n\t\t\t\t<\/div>\n\t\t<div class=\"elementor-element elementor-element-d10b4a8 e-con-full e-flex e-con e-child\" data-id=\"d10b4a8\" data-element_type=\"container\" data-e-type=\"container\">\n\t\t\t\t<div class=\"elementor-element elementor-element-d7accb8 elementor-widget elementor-widget-text-editor\" data-id=\"d7accb8\" data-element_type=\"widget\" data-e-type=\"widget\" data-widget_type=\"text-editor.default\">\n\t\t\t\t<div class=\"elementor-widget-container\">\n\t\t\t\t\t\t\t\t\t\n<div class=\"wpcf7 no-js\" id=\"wpcf7-f1451-o1\" lang=\"es-ES\" dir=\"ltr\">\n<div class=\"screen-reader-response\"><p role=\"status\" aria-live=\"polite\" aria-atomic=\"true\"><\/p> <ul><\/ul><\/div>\n<form action=\"\/index.php\/wp-json\/wp\/v2\/pages\/1312#wpcf7-f1451-o1\" method=\"post\" class=\"wpcf7-form init\" aria-label=\"Formulario de contacto\" novalidate=\"novalidate\" data-status=\"init\">\n<div style=\"display: none;\">\n<input type=\"hidden\" name=\"_wpcf7\" value=\"1451\" \/>\n<input type=\"hidden\" name=\"_wpcf7_version\" value=\"5.9\" \/>\n<input type=\"hidden\" name=\"_wpcf7_locale\" value=\"es_ES\" \/>\n<input type=\"hidden\" name=\"_wpcf7_unit_tag\" value=\"wpcf7-f1451-o1\" \/>\n<input type=\"hidden\" name=\"_wpcf7_container_post\" value=\"0\" \/>\n<input type=\"hidden\" name=\"_wpcf7_posted_data_hash\" value=\"\" \/>\n<input type=\"hidden\" name=\"_wpcf7_recaptcha_response\" value=\"\" \/>\n<\/div>\n<p><label>NOMBRE:<br \/>\n<span class=\"wpcf7-form-control-wrap\" data-name=\"nombre\"><input size=\"40\" class=\"wpcf7-form-control wpcf7-text wpcf7-validates-as-required\" aria-required=\"true\" aria-invalid=\"false\" value=\"\" type=\"text\" name=\"nombre\" \/><\/span> <\/label>\n<\/p>\n<p><label>TEL\u00c9FONO:<br \/>\n<span class=\"wpcf7-form-control-wrap\" data-name=\"phone\"><input size=\"40\" class=\"wpcf7-form-control wpcf7-text wpcf7-validates-as-required\" aria-required=\"true\" aria-invalid=\"false\" value=\"\" type=\"text\" name=\"phone\" \/><\/span> <\/label>\n<\/p>\n<p><label>CIUDAD:<br \/>\n<span class=\"wpcf7-form-control-wrap\" data-name=\"city\"><input size=\"40\" class=\"wpcf7-form-control wpcf7-text wpcf7-validates-as-required\" aria-required=\"true\" aria-invalid=\"false\" value=\"\" type=\"text\" name=\"city\" \/><\/span> <\/label>\n<\/p>\n<p><label>E-MAIL:<br \/>\n<span class=\"wpcf7-form-control-wrap\" data-name=\"mail\"><input size=\"40\" class=\"wpcf7-form-control wpcf7-email wpcf7-validates-as-required wpcf7-text wpcf7-validates-as-email\" aria-required=\"true\" aria-invalid=\"false\" value=\"\" type=\"email\" name=\"mail\" \/><\/span> <\/label>\n<\/p>\n<p><label>PRODUCTOS A COTIZAR:<br \/>\n<span class=\"wpcf7-form-control-wrap\" data-name=\"message\"><textarea cols=\"40\" rows=\"10\" class=\"wpcf7-form-control wpcf7-textarea wpcf7-validates-as-required\" aria-required=\"true\" aria-invalid=\"false\" name=\"message\"><\/textarea><\/span> <\/label>\n<\/p>\n<p><input class=\"wpcf7-form-control wpcf7-submit has-spinner\" type=\"submit\" value=\"Enviar\" \/>\n<\/p><div class=\"wpcf7-response-output\" aria-hidden=\"true\"><\/div>\n<\/form>\n<\/div>\n\t\t\t\t\t\t\t\t<\/div>\n\t\t\t\t<\/div>\n\t\t\t\t<\/div>\n\t\t\t\t\t<\/div>\n\t\t\t\t<\/div>\n\t\t<div class=\"elementor-element elementor-element-f27185b e-flex e-con-boxed e-con e-parent\" data-id=\"f27185b\" data-element_type=\"container\" data-e-type=\"container\">\n\t\t\t\t\t<div class=\"e-con-inner\">\n\t\t\t\t<div class=\"elementor-element elementor-element-607f521 elementor-widget elementor-widget-text-editor\" data-id=\"607f521\" data-element_type=\"widget\" data-e-type=\"widget\" data-widget_type=\"text-editor.default\">\n\t\t\t\t<div class=\"elementor-widget-container\">\n\t\t\t\t\t\t\t\t\t<h3>Datos de Contacto:<\/h3><p>Para consultas adicionales o asistencia inmediata, no dudes en ponerte en contacto con nosotros:<\/p><p><strong>Sebasti\u00e1n Ibaceta<\/strong><br \/>Tel\u00e9fono y WhatsApp: +56989786733<br \/>Correo Electr\u00f3nico: <a href=\"mailto:servicios@gpsgolden.cl\">servicios@gpsgolden.cl<\/a><\/p><p>Agradecemos tu inter\u00e9s en GPS Golden y esperamos poder brindarte una cotizaci\u00f3n que cumpla con tus expectativas y requisitos. \u00a1D\u00e9janos ser tu socio en seguridad y eficiencia!<\/p>\t\t\t\t\t\t\t\t<\/div>\n\t\t\t\t<\/div>\n\t\t\t\t\t<\/div>\n\t\t\t\t<\/div>\n\t\t<div class=\"elementor-element elementor-element-c62e5cb e-con-full e-flex e-con e-parent\" data-id=\"c62e5cb\" data-element_type=\"container\" data-e-type=\"container\">\n\t\t\t\t<div class=\"elementor-element elementor-element-ad20797 elementor-invisible elementor-widget elementor-widget-image\" data-id=\"ad20797\" data-element_type=\"widget\" data-e-type=\"widget\" data-settings=\"{&quot;_animation&quot;:&quot;zoomIn&quot;}\" data-widget_type=\"image.default\">\n\t\t\t\t<div class=\"elementor-widget-container\">\n\t\t\t\t\t\t\t\t\t\t\t\t\t\t\t<img fetchpriority=\"high\" decoding=\"async\" width=\"2000\" height=\"1000\" src=\"https:\/\/gpsgolden.cl\/wp-content\/uploads\/2023\/11\/cotizador.jpg\" class=\"attachment-full size-full wp-image-1316\" alt=\"\" srcset=\"https:\/\/gpsgolden.cl\/wp-content\/uploads\/2023\/11\/cotizador.jpg 2000w, https:\/\/gpsgolden.cl\/wp-content\/uploads\/2023\/11\/cotizador-300x150.jpg 300w, https:\/\/gpsgolden.cl\/wp-content\/uploads\/2023\/11\/cotizador-1024x512.jpg 1024w, https:\/\/gpsgolden.cl\/wp-content\/uploads\/2023\/11\/cotizador-768x384.jpg 768w, https:\/\/gpsgolden.cl\/wp-content\/uploads\/2023\/11\/cotizador-1536x768.jpg 1536w, https:\/\/gpsgolden.cl\/wp-content\/uploads\/2023\/11\/cotizador-600x300.jpg 600w\" sizes=\"(max-width: 2000px) 100vw, 2000px\" \/>\t\t\t\t\t\t\t\t\t\t\t\t\t\t\t<\/div>\n\t\t\t\t<\/div>\n\t\t\t\t<\/div>\n\t\t\t\t<\/div>\n\t\t","protected":false},"excerpt":{"rendered":"<p>COTIZADOR Bienvenido a nuestro Cotizador En GPS Golden, comprendemos que cada necesidad es \u00fanica. Para brindarte una soluci\u00f3n personalizada y adaptada a tus requerimientos, te invitamos a utilizar nuestro cotizador en l\u00ednea. Completar el formulario nos permitir\u00e1 entender tus necesidades espec\u00edficas, y nos pondremos en contacto contigo lo antes posible con una cotizaci\u00f3n detallada y [&hellip;]<\/p>\n","protected":false},"author":1,"featured_media":0,"parent":0,"menu_order":0,"comment_status":"closed","ping_status":"closed","template":"","meta":{"footnotes":"","_links_to":"","_links_to_target":""},"class_list":["post-1312","page","type-page","status-publish","hentry"],"_links":{"self":[{"href":"https:\/\/gpsgolden.cl\/index.php\/wp-json\/wp\/v2\/pages\/1312","targetHints":{"allow":["GET"]}}],"collection":[{"href":"https:\/\/gpsgolden.cl\/index.php\/wp-json\/wp\/v2\/pages"}],"about":[{"href":"https:\/\/gpsgolden.cl\/index.php\/wp-json\/wp\/v2\/types\/page"}],"author":[{"embeddable":true,"href":"https:\/\/gpsgolden.cl\/index.php\/wp-json\/wp\/v2\/users\/1"}],"replies":[{"embeddable":true,"href":"https:\/\/gpsgolden.cl\/index.php\/wp-json\/wp\/v2\/comments?post=1312"}],"version-history":[{"count":11,"href":"https:\/\/gpsgolden.cl\/index.php\/wp-json\/wp\/v2\/pages\/1312\/revisions"}],"predecessor-version":[{"id":1467,"href":"https:\/\/gpsgolden.cl\/index.php\/wp-json\/wp\/v2\/pages\/1312\/revisions\/1467"}],"wp:attachment":[{"href":"https:\/\/gpsgolden.cl\/index.php\/wp-json\/wp\/v2\/media?parent=1312"}],"curies":[{"name":"wp","href":"https:\/\/api.w.org\/{rel}","templated":true}]}}