{"id":1189,"date":"2023-11-18T04:18:15","date_gmt":"2023-11-18T03:18:15","guid":{"rendered":"https:\/\/graficmedia.cl\/maquetas\/gs\/?page_id=1189"},"modified":"2023-11-23T14:54:17","modified_gmt":"2023-11-23T14:54:17","slug":"servicios","status":"publish","type":"page","link":"https:\/\/gpsgolden.cl\/index.php\/servicios\/","title":{"rendered":"SERVICIOS"},"content":{"rendered":"\t\t<div data-elementor-type=\"wp-page\" data-elementor-id=\"1189\" class=\"elementor elementor-1189\" data-elementor-post-type=\"page\">\n\t\t\t\t<div class=\"elementor-element elementor-element-6c1b168 e-flex e-con-boxed e-con e-parent\" data-id=\"6c1b168\" data-element_type=\"container\" data-e-type=\"container\" data-settings=\"{&quot;background_background&quot;:&quot;classic&quot;}\">\n\t\t\t\t\t<div class=\"e-con-inner\">\n\t\t\t\t<div class=\"elementor-element elementor-element-3dd3681 elementor-widget elementor-widget-text-editor\" data-id=\"3dd3681\" data-element_type=\"widget\" data-e-type=\"widget\" data-widget_type=\"text-editor.default\">\n\t\t\t\t<div class=\"elementor-widget-container\">\n\t\t\t\t\t\t\t\t\t<h1>SERVICIOS<\/h1>\t\t\t\t\t\t\t\t<\/div>\n\t\t\t\t<\/div>\n\t\t\t\t\t<\/div>\n\t\t\t\t<\/div>\n\t\t<div class=\"elementor-element elementor-element-3ac28cb e-flex e-con-boxed e-con e-parent\" data-id=\"3ac28cb\" data-element_type=\"container\" data-e-type=\"container\">\n\t\t\t\t\t<div class=\"e-con-inner\">\n\t\t<div class=\"elementor-element elementor-element-ddd0d73 e-con-full e-flex e-con e-child\" data-id=\"ddd0d73\" data-element_type=\"container\" data-e-type=\"container\">\n\t\t\t\t<div class=\"elementor-element elementor-element-2df7ea4 elementor-invisible elementor-widget elementor-widget-image\" data-id=\"2df7ea4\" data-element_type=\"widget\" data-e-type=\"widget\" data-settings=\"{&quot;_animation&quot;:&quot;zoomIn&quot;}\" data-widget_type=\"image.default\">\n\t\t\t\t<div class=\"elementor-widget-container\">\n\t\t\t\t\t\t\t\t\t\t\t\t\t\t\t<img fetchpriority=\"high\" decoding=\"async\" width=\"1600\" height=\"800\" src=\"https:\/\/gpsgolden.cl\/wp-content\/uploads\/2023\/11\/servicio02.jpg\" class=\"attachment-full size-full wp-image-1173\" alt=\"\" srcset=\"https:\/\/gpsgolden.cl\/wp-content\/uploads\/2023\/11\/servicio02.jpg 1600w, https:\/\/gpsgolden.cl\/wp-content\/uploads\/2023\/11\/servicio02-600x300.jpg 600w, https:\/\/gpsgolden.cl\/wp-content\/uploads\/2023\/11\/servicio02-300x150.jpg 300w, https:\/\/gpsgolden.cl\/wp-content\/uploads\/2023\/11\/servicio02-1024x512.jpg 1024w, https:\/\/gpsgolden.cl\/wp-content\/uploads\/2023\/11\/servicio02-768x384.jpg 768w, https:\/\/gpsgolden.cl\/wp-content\/uploads\/2023\/11\/servicio02-1536x768.jpg 1536w\" sizes=\"(max-width: 1600px) 100vw, 1600px\" \/>\t\t\t\t\t\t\t\t\t\t\t\t\t\t\t<\/div>\n\t\t\t\t<\/div>\n\t\t\t\t<div class=\"elementor-element elementor-element-68775af elementor-widget elementor-widget-text-editor\" data-id=\"68775af\" data-element_type=\"widget\" data-e-type=\"widget\" data-widget_type=\"text-editor.default\">\n\t\t\t\t<div class=\"elementor-widget-container\">\n\t\t\t\t\t\t\t\t\t<h2>Control de Flota<\/h2><p><strong>Camiones, Buses, Minibuses y Veh\u00edculos en General<\/strong><\/p><p>Uno de nuestros servicios insignia es el Control de Flota, una soluci\u00f3n integral para la gesti\u00f3n eficiente de camiones, buses, minibuses y veh\u00edculos en general. A trav\u00e9s de tecnolog\u00eda avanzada, proporcionamos un monitoreo en tiempo real que abarca desde la ubicaci\u00f3n hasta el rendimiento de cada veh\u00edculo. Esta herramienta no solo optimiza la eficiencia operativa, sino que tambi\u00e9n contribuye a reducir costos de combustible y a mejorar la seguridad vial. En un mercado donde la log\u00edstica es clave, nuestro servicio de Control de Flota se erige como el aliado estrat\u00e9gico para superar desaf\u00edos log\u00edsticos y garantizar la cohesi\u00f3n de tu flota.<\/p>\t\t\t\t\t\t\t\t<\/div>\n\t\t\t\t<\/div>\n\t\t\t\t<\/div>\n\t\t<div class=\"elementor-element elementor-element-88bcec2 e-con-full e-flex e-con e-child\" data-id=\"88bcec2\" data-element_type=\"container\" data-e-type=\"container\">\n\t\t\t\t<div class=\"elementor-element elementor-element-76263f9 elementor-invisible elementor-widget elementor-widget-image\" data-id=\"76263f9\" data-element_type=\"widget\" data-e-type=\"widget\" data-settings=\"{&quot;_animation&quot;:&quot;zoomIn&quot;}\" data-widget_type=\"image.default\">\n\t\t\t\t<div class=\"elementor-widget-container\">\n\t\t\t\t\t\t\t\t\t\t\t\t\t\t\t<img decoding=\"async\" width=\"1600\" height=\"800\" src=\"https:\/\/gpsgolden.cl\/wp-content\/uploads\/2023\/11\/servicio03.jpg\" class=\"attachment-full size-full wp-image-1172\" alt=\"\" srcset=\"https:\/\/gpsgolden.cl\/wp-content\/uploads\/2023\/11\/servicio03.jpg 1600w, https:\/\/gpsgolden.cl\/wp-content\/uploads\/2023\/11\/servicio03-600x300.jpg 600w, https:\/\/gpsgolden.cl\/wp-content\/uploads\/2023\/11\/servicio03-300x150.jpg 300w, https:\/\/gpsgolden.cl\/wp-content\/uploads\/2023\/11\/servicio03-1024x512.jpg 1024w, https:\/\/gpsgolden.cl\/wp-content\/uploads\/2023\/11\/servicio03-768x384.jpg 768w, https:\/\/gpsgolden.cl\/wp-content\/uploads\/2023\/11\/servicio03-1536x768.jpg 1536w\" sizes=\"(max-width: 1600px) 100vw, 1600px\" \/>\t\t\t\t\t\t\t\t\t\t\t\t\t\t\t<\/div>\n\t\t\t\t<\/div>\n\t\t\t\t<div class=\"elementor-element elementor-element-8916ac8 elementor-widget elementor-widget-text-editor\" data-id=\"8916ac8\" data-element_type=\"widget\" data-e-type=\"widget\" data-widget_type=\"text-editor.default\">\n\t\t\t\t<div class=\"elementor-widget-container\">\n\t\t\t\t\t\t\t\t\t<h2>Venta de Relojes GPS con Bot\u00f3n SOS<\/h2><p><strong>Cuidado de Ni\u00f1os y Adultos Mayores<\/strong><\/p><p>Para aquellos que valoran la seguridad de sus seres queridos, ofrecemos la Venta de Relojes GPS con Bot\u00f3n SOS. Estos dispositivos no solo cumplen la funci\u00f3n de un reloj convencional, sino que tambi\u00e9n incorporan un bot\u00f3n de emergencia. Dirigido especialmente al cuidado de ni\u00f1os y adultos mayores, este servicio proporciona una conexi\u00f3n constante, permitiendo a los padres estar al tanto de la ubicaci\u00f3n de sus hijos o a los familiares cercanos estar preparados para actuar en situaciones de emergencia. Es la combinaci\u00f3n perfecta de tecnolog\u00eda discreta y funcionalidad vital para promover la seguridad a nivel personal.<\/p>\t\t\t\t\t\t\t\t<\/div>\n\t\t\t\t<\/div>\n\t\t\t\t<\/div>\n\t\t<div class=\"elementor-element elementor-element-0c6edea e-con-full e-flex e-con e-child\" data-id=\"0c6edea\" data-element_type=\"container\" data-e-type=\"container\">\n\t\t\t\t<div class=\"elementor-element elementor-element-ab44386 elementor-invisible elementor-widget elementor-widget-image\" data-id=\"ab44386\" data-element_type=\"widget\" data-e-type=\"widget\" data-settings=\"{&quot;_animation&quot;:&quot;zoomIn&quot;}\" data-widget_type=\"image.default\">\n\t\t\t\t<div class=\"elementor-widget-container\">\n\t\t\t\t\t\t\t\t\t\t\t\t\t\t\t<img decoding=\"async\" width=\"1600\" height=\"800\" src=\"https:\/\/gpsgolden.cl\/wp-content\/uploads\/2023\/11\/servicio01.jpg\" class=\"attachment-full size-full wp-image-1170\" alt=\"\" srcset=\"https:\/\/gpsgolden.cl\/wp-content\/uploads\/2023\/11\/servicio01.jpg 1600w, https:\/\/gpsgolden.cl\/wp-content\/uploads\/2023\/11\/servicio01-600x300.jpg 600w, https:\/\/gpsgolden.cl\/wp-content\/uploads\/2023\/11\/servicio01-300x150.jpg 300w, https:\/\/gpsgolden.cl\/wp-content\/uploads\/2023\/11\/servicio01-1024x512.jpg 1024w, https:\/\/gpsgolden.cl\/wp-content\/uploads\/2023\/11\/servicio01-768x384.jpg 768w, https:\/\/gpsgolden.cl\/wp-content\/uploads\/2023\/11\/servicio01-1536x768.jpg 1536w\" sizes=\"(max-width: 1600px) 100vw, 1600px\" \/>\t\t\t\t\t\t\t\t\t\t\t\t\t\t\t<\/div>\n\t\t\t\t<\/div>\n\t\t\t\t<div class=\"elementor-element elementor-element-5f09b29 elementor-widget elementor-widget-text-editor\" data-id=\"5f09b29\" data-element_type=\"widget\" data-e-type=\"widget\" data-widget_type=\"text-editor.default\">\n\t\t\t\t<div class=\"elementor-widget-container\">\n\t\t\t\t\t\t\t\t\t<h2>Plataforma de Seguimiento<\/h2><p><strong>Web, Android e iOS<\/strong><\/p><p>Nuestra Plataforma de Seguimiento se erige como el epicentro vers\u00e1til y accesible para mantener el control total. Disponible a trav\u00e9s de navegadores web, as\u00ed como en dispositivos m\u00f3viles con sistemas Android e iOS, esta herramienta te permite acceder f\u00e1cilmente a informaci\u00f3n detallada sobre tus activos. Ya sea monitoreando en tiempo real, revisando historiales de ubicaci\u00f3n o recibiendo alertas personalizadas, la interfaz intuitiva y las funciones avanzadas hacen que el seguimiento sea simple y efectivo. Esta plataforma se adapta a tu estilo de vida y necesidades espec\u00edficas, asegurando que mantengas el control est\u00e9s donde est\u00e9s. En un mundo donde la movilidad es fundamental, nuestra Plataforma de Seguimiento se posiciona como la respuesta a tus necesidades de seguimiento con eficacia y simplicidad.<\/p>\t\t\t\t\t\t\t\t<\/div>\n\t\t\t\t<\/div>\n\t\t\t\t<\/div>\n\t\t\t\t\t<\/div>\n\t\t\t\t<\/div>\n\t\t\t\t<\/div>\n\t\t","protected":false},"excerpt":{"rendered":"<p>SERVICIOS Control de Flota Camiones, Buses, Minibuses y Veh\u00edculos en General Uno de nuestros servicios insignia es el Control de Flota, una soluci\u00f3n integral para la gesti\u00f3n eficiente de camiones, buses, minibuses y veh\u00edculos en general. A trav\u00e9s de tecnolog\u00eda avanzada, proporcionamos un monitoreo en tiempo real que abarca desde la ubicaci\u00f3n hasta el rendimiento [&hellip;]<\/p>\n","protected":false},"author":1,"featured_media":0,"parent":0,"menu_order":0,"comment_status":"closed","ping_status":"closed","template":"","meta":{"footnotes":"","_links_to":"","_links_to_target":""},"class_list":["post-1189","page","type-page","status-publish","hentry"],"_links":{"self":[{"href":"https:\/\/gpsgolden.cl\/index.php\/wp-json\/wp\/v2\/pages\/1189","targetHints":{"allow":["GET"]}}],"collection":[{"href":"https:\/\/gpsgolden.cl\/index.php\/wp-json\/wp\/v2\/pages"}],"about":[{"href":"https:\/\/gpsgolden.cl\/index.php\/wp-json\/wp\/v2\/types\/page"}],"author":[{"embeddable":true,"href":"https:\/\/gpsgolden.cl\/index.php\/wp-json\/wp\/v2\/users\/1"}],"replies":[{"embeddable":true,"href":"https:\/\/gpsgolden.cl\/index.php\/wp-json\/wp\/v2\/comments?post=1189"}],"version-history":[{"count":6,"href":"https:\/\/gpsgolden.cl\/index.php\/wp-json\/wp\/v2\/pages\/1189\/revisions"}],"predecessor-version":[{"id":1398,"href":"https:\/\/gpsgolden.cl\/index.php\/wp-json\/wp\/v2\/pages\/1189\/revisions\/1398"}],"wp:attachment":[{"href":"https:\/\/gpsgolden.cl\/index.php\/wp-json\/wp\/v2\/media?parent=1189"}],"curies":[{"name":"wp","href":"https:\/\/api.w.org\/{rel}","templated":true}]}}